{"id":3167,"date":"2018-11-07T21:33:42","date_gmt":"2018-11-07T20:33:42","guid":{"rendered":"https:\/\/eng.amaruq-chimo.eu\/?page_id=3167"},"modified":"2025-05-10T17:38:40","modified_gmt":"2025-05-10T16:38:40","slug":"3167-2","status":"publish","type":"page","link":"https:\/\/eng.amaruq-chimo.eu\/?page_id=3167","title":{"rendered":""},"content":{"rendered":"<p><img loading=\"lazy\" decoding=\"async\" class=\"alignright size-full wp-image-3177\" src=\"https:\/\/eng.amaruq-chimo.eu\/wp-content\/\/741021.gif\" alt=\"\" width=\"100\" height=\"118\"><img loading=\"lazy\" decoding=\"async\" class=\"alignleft size-full wp-image-3177\" src=\"https:\/\/eng.amaruq-chimo.eu\/wp-content\/\/741021.gif\" alt=\"\" width=\"100\" height=\"118\"><\/p>\n<p>&nbsp;<\/p>\n<h1 style=\"text-align: center;\"><span style=\"color: #000000;\"><strong>In Memoriam<\/strong><\/span><\/h1>\n<p>&nbsp;<\/p>\n<h2 style=\"text-align: center;\"><span style=\"color: #000000;\">AMARUQ-CHIMO DHEBABRATA<\/span><\/h2>\n<h2 style=\"text-align: center;\"><span style=\"color: #000000;\">&#8222;SHAOLIN&#8221;<\/span><\/h2>\n<p><img loading=\"lazy\" decoding=\"async\" class=\"aligncenter  wp-image-6697\" src=\"https:\/\/eng.amaruq-chimo.eu\/wp-content\/\/kll.jpg\" alt=\"\" width=\"506\" height=\"337\" srcset=\"https:\/\/eng.amaruq-chimo.eu\/wp-content\/kll.jpg 900w, https:\/\/eng.amaruq-chimo.eu\/wp-content\/kll-300x200.jpg 300w, https:\/\/eng.amaruq-chimo.eu\/wp-content\/kll-768x512.jpg 768w\" sizes=\"auto, (max-width: 506px) 100vw, 506px\" \/><\/p>\n<p>&nbsp;<\/p>\n<h2 style=\"text-align: center;\"><span style=\"color: #000000;\">AMARUQ-CHIMO OP\u00c1L<\/span><\/h2>\n<h2 style=\"text-align: center;\"><span style=\"color: #000000;\">&#8222;OP\u00c1L&#8221;<\/span><\/h2>\n<p><img loading=\"lazy\" decoding=\"async\" class=\"aligncenter  wp-image-6696\" src=\"https:\/\/eng.amaruq-chimo.eu\/wp-content\/\/oo.jpg\" alt=\"\" width=\"506\" height=\"337\" srcset=\"https:\/\/eng.amaruq-chimo.eu\/wp-content\/oo.jpg 900w, https:\/\/eng.amaruq-chimo.eu\/wp-content\/oo-300x200.jpg 300w, https:\/\/eng.amaruq-chimo.eu\/wp-content\/oo-768x512.jpg 768w\" sizes=\"auto, (max-width: 506px) 100vw, 506px\" \/><\/p>\n<p>&nbsp;<\/p>\n<h2 style=\"text-align: center;\"><span style=\"color: #000000;\">AMARUQ-CHIMO BHASUNDARA<\/span><\/h2>\n<h2 style=\"text-align: center;\"><span style=\"color: #000000;\">&#8222;RAMSES&#8221;<\/span><\/h2>\n<p><img loading=\"lazy\" decoding=\"async\" class=\"aligncenter wp-image-5819\" src=\"https:\/\/eng.amaruq-chimo.eu\/wp-content\/\/ramses-ut.jpg\" alt=\"\" width=\"327\" height=\"491\" srcset=\"https:\/\/eng.amaruq-chimo.eu\/wp-content\/ramses-ut.jpg 600w, https:\/\/eng.amaruq-chimo.eu\/wp-content\/ramses-ut-200x300.jpg 200w\" sizes=\"auto, (max-width: 327px) 100vw, 327px\" \/><\/p>\n<h2 style=\"text-align: center;\">&nbsp;<\/h2>\n<h2 style=\"text-align: center;\"><span style=\"color: #000000;\">AMARUQ-CHIMO BOGATYRI<\/span><\/h2>\n<h2 style=\"text-align: center;\"><span style=\"color: #000000;\">&#8222;\u00cdZIS&#8221;<\/span><\/h2>\n<p><img loading=\"lazy\" decoding=\"async\" class=\"aligncenter wp-image-5818\" src=\"https:\/\/eng.amaruq-chimo.eu\/wp-content\/\/izis.jpg\" alt=\"\" width=\"388\" height=\"388\" srcset=\"https:\/\/eng.amaruq-chimo.eu\/wp-content\/izis.jpg 700w, https:\/\/eng.amaruq-chimo.eu\/wp-content\/izis-150x150.jpg 150w, https:\/\/eng.amaruq-chimo.eu\/wp-content\/izis-300x300.jpg 300w\" sizes=\"auto, (max-width: 388px) 100vw, 388px\" \/><\/p>\n<h2 style=\"text-align: center;\">&nbsp;<\/h2>\n<h2 style=\"text-align: center;\"><span style=\"color: #000000;\">LAGO-KHY-DO-KHY DGE-SZJOD<\/span><\/h2>\n<h2 style=\"text-align: center;\"><span style=\"color: #000000;\">&#8222;SH\u00cdVA&#8221;<\/span><\/h2>\n<p><img loading=\"lazy\" decoding=\"async\" class=\"aligncenter wp-image-3969\" src=\"https:\/\/eng.amaruq-chimo.eu\/wp-content\/\/shiva.jpg\" alt=\"\" width=\"500\" height=\"334\" srcset=\"https:\/\/eng.amaruq-chimo.eu\/wp-content\/shiva.jpg 900w, https:\/\/eng.amaruq-chimo.eu\/wp-content\/shiva-300x200.jpg 300w, https:\/\/eng.amaruq-chimo.eu\/wp-content\/shiva-768x512.jpg 768w\" sizes=\"auto, (max-width: 500px) 100vw, 500px\" \/><\/p>\n<h2 style=\"text-align: center;\">&nbsp;<\/h2>\n<h2 style=\"text-align: center;\"><span style=\"color: #000000;\">KARMA DZSIMPA&#8217;S DO-KHYI MANDALA<\/span><\/h2>\n<h2 style=\"text-align: center;\"><span style=\"color: #000000;\">&#8222;MANDALA&#8221;<\/span><\/h2>\n<p><img loading=\"lazy\" decoding=\"async\" class=\"aligncenter wp-image-3936\" src=\"https:\/\/eng.amaruq-chimo.eu\/wp-content\/\/mandalah.jpg\" alt=\"\" width=\"494\" height=\"330\" srcset=\"https:\/\/eng.amaruq-chimo.eu\/wp-content\/mandalah.jpg 900w, https:\/\/eng.amaruq-chimo.eu\/wp-content\/mandalah-300x200.jpg 300w, https:\/\/eng.amaruq-chimo.eu\/wp-content\/mandalah-768x512.jpg 768w\" sizes=\"auto, (max-width: 494px) 100vw, 494px\" \/><\/p>\n<p>&nbsp;<\/p>\n<h2 style=\"text-align: center;\"><span style=\"color: #000000;\">KARMA DZSIMPA&#8217;S DO-KHYI DHARMA<\/span><\/h2>\n<h2 style=\"text-align: center;\"><span style=\"color: #000000;\">&#8222;DHARMA&#8221;<\/span><\/h2>\n<p><img loading=\"lazy\" decoding=\"async\" class=\"aligncenter wp-image-3925\" src=\"https:\/\/eng.amaruq-chimo.eu\/wp-content\/\/dharma.png\" alt=\"\" width=\"501\" height=\"335\" srcset=\"https:\/\/eng.amaruq-chimo.eu\/wp-content\/dharma.png 900w, https:\/\/eng.amaruq-chimo.eu\/wp-content\/dharma-300x200.png 300w, https:\/\/eng.amaruq-chimo.eu\/wp-content\/dharma-768x512.png 768w\" sizes=\"auto, (max-width: 501px) 100vw, 501px\" \/><\/p>\n<h2 style=\"text-align: center;\">&nbsp;<\/h2>\n<h2 style=\"text-align: center;\"><span style=\"color: #000000;\">AMARUQ-CHIMO NANDRA <\/span><\/h2>\n<h2 style=\"text-align: center;\"><span style=\"color: #000000;\">&#8222;ELZA&#8221;<\/span><\/h2>\n<p style=\"text-align: center;\"><img loading=\"lazy\" decoding=\"async\" class=\"aligncenter wp-image-3694\" src=\"https:\/\/eng.amaruq-chimo.eu\/wp-content\/\/gyasz_elza.png\" alt=\"\" width=\"510\" height=\"341\" srcset=\"https:\/\/eng.amaruq-chimo.eu\/wp-content\/gyasz_elza.png 900w, https:\/\/eng.amaruq-chimo.eu\/wp-content\/gyasz_elza-300x200.png 300w, https:\/\/eng.amaruq-chimo.eu\/wp-content\/gyasz_elza-768x512.png 768w\" sizes=\"auto, (max-width: 510px) 100vw, 510px\" \/><\/p>\n<h2 style=\"text-align: center;\">&nbsp;<\/h2>\n<h2 style=\"text-align: center;\"><span style=\"color: #000000;\">ASRAMA CHENG-SHI <\/span><\/h2>\n<h2 style=\"text-align: center;\"><span style=\"color: #000000;\">&#8222;BUDDHA&#8221;<\/span><\/h2>\n<p><img loading=\"lazy\" decoding=\"async\" class=\"aligncenter size-full wp-image-3180\" src=\"https:\/\/eng.amaruq-chimo.eu\/wp-content\/\/BUDDHA-e1541852473509.png\" alt=\"\" width=\"400\" height=\"600\"><\/p>\n<p>&nbsp;<\/p>\n<h2 style=\"text-align: center;\"><span style=\"color: #000000;\">KARMA DZSIMPA&#8217;S DO-KHYI CHEN-PO <\/span><\/h2>\n<h2 style=\"text-align: center;\"><span style=\"color: #000000;\">&#8222;S\u00c1BA&#8221;<\/span><\/h2>\n<p><img loading=\"lazy\" decoding=\"async\" class=\"aligncenter size-full wp-image-3181\" src=\"https:\/\/eng.amaruq-chimo.eu\/wp-content\/\/S\u00c1BA-e1541852569855.png\" alt=\"\" width=\"400\" height=\"600\"><\/p>\n<p>&nbsp;<\/p>\n<h2 style=\"text-align: center;\"><span style=\"color: #000000;\">AMARUQ-CHIMO EKAVALI <\/span><\/h2>\n<h2 style=\"text-align: center;\"><span style=\"color: #000000;\">&#8222;TARA&#8221;<\/span><\/h2>\n<p><img loading=\"lazy\" decoding=\"async\" class=\"aligncenter wp-image-3182\" src=\"https:\/\/eng.amaruq-chimo.eu\/wp-content\/\/TARA-e1541852659603.png\" alt=\"\" width=\"474\" height=\"316\"><\/p>\n<p>&nbsp;<\/p>\nngg_shortcode_0_placeholder\n","protected":false},"excerpt":{"rendered":"<p>&nbsp; In Memoriam &nbsp; AMARUQ-CHIMO DHEBABRATA &#8222;SHAOLIN&#8221; &nbsp; AMARUQ-CHIMO OP\u00c1L &#8222;OP\u00c1L&#8221; &nbsp; AMARUQ-CHIMO BHASUNDARA &#8222;RAMSES&#8221; &nbsp; AMARUQ-CHIMO BOGATYRI &#8222;\u00cdZIS&#8221; &nbsp; LAGO-KHY-DO-KHY DGE-SZJOD &#8222;SH\u00cdVA&#8221; &nbsp; KARMA DZSIMPA&#8217;S DO-KHYI MANDALA &#8222;MANDALA&#8221; &nbsp; KARMA DZSIMPA&#8217;S DO-KHYI DHARMA &#8222;DHARMA&#8221; &nbsp; AMARUQ-CHIMO NANDRA &#8222;ELZA&#8221; &nbsp; ASRAMA CHENG-SHI &#8222;BUDDHA&#8221; &nbsp; KARMA DZSIMPA&#8217;S DO-KHYI CHEN-PO &#8222;S\u00c1BA&#8221; &nbsp; AMARUQ-CHIMO EKAVALI &#8222;TARA&#8221; &nbsp;<\/p>\n","protected":false},"author":2,"featured_media":0,"parent":0,"menu_order":0,"comment_status":"closed","ping_status":"closed","template":"","meta":{"ngg_post_thumbnail":0,"footnotes":""},"class_list":["post-3167","page","type-page","status-publish","hentry"],"_links":{"self":[{"href":"https:\/\/eng.amaruq-chimo.eu\/index.php?rest_route=\/wp\/v2\/pages\/3167","targetHints":{"allow":["GET"]}}],"collection":[{"href":"https:\/\/eng.amaruq-chimo.eu\/index.php?rest_route=\/wp\/v2\/pages"}],"about":[{"href":"https:\/\/eng.amaruq-chimo.eu\/index.php?rest_route=\/wp\/v2\/types\/page"}],"author":[{"embeddable":true,"href":"https:\/\/eng.amaruq-chimo.eu\/index.php?rest_route=\/wp\/v2\/users\/2"}],"replies":[{"embeddable":true,"href":"https:\/\/eng.amaruq-chimo.eu\/index.php?rest_route=%2Fwp%2Fv2%2Fcomments&post=3167"}],"version-history":[{"count":12,"href":"https:\/\/eng.amaruq-chimo.eu\/index.php?rest_route=\/wp\/v2\/pages\/3167\/revisions"}],"predecessor-version":[{"id":6698,"href":"https:\/\/eng.amaruq-chimo.eu\/index.php?rest_route=\/wp\/v2\/pages\/3167\/revisions\/6698"}],"wp:attachment":[{"href":"https:\/\/eng.amaruq-chimo.eu\/index.php?rest_route=%2Fwp%2Fv2%2Fmedia&parent=3167"}],"curies":[{"name":"wp","href":"https:\/\/api.w.org\/{rel}","templated":true}]}}